{"id":4674,"date":"2021-04-21T10:56:37","date_gmt":"2021-04-21T08:56:37","guid":{"rendered":"https:\/\/ag-homedeco.com\/?page_id=4674"},"modified":"2024-03-11T16:10:43","modified_gmt":"2024-03-11T15:10:43","slug":"carte-cadeau","status":"publish","type":"page","link":"https:\/\/ag-homedeco.com\/index.php\/carte-cadeau\/","title":{"rendered":"Carte cadeau"},"content":{"rendered":"\n<div style=\"height:0px\" aria-hidden=\"true\" class=\"wp-block-spacer\"><\/div>\n\n\n\n<div class=\"wp-block-columns is-layout-flex wp-container-core-columns-layout-1 wp-block-columns-is-layout-flex\">\n<div class=\"wp-block-column is-layout-flow wp-block-column-is-layout-flow\">\n<figure class=\"wp-block-gallery has-nested-images columns-default is-cropped wp-block-gallery-1 is-layout-flex wp-block-gallery-is-layout-flex\">\n<figure class=\"wp-block-image alignfull size-large\"><img loading=\"lazy\" decoding=\"async\" width=\"1375\" height=\"1031\" src=\"https:\/\/ag-homedeco.com\/wp-content\/uploads\/2024\/01\/ccok-edited.jpg\" alt=\"\" class=\"wp-image-5686\" srcset=\"https:\/\/ag-homedeco.com\/wp-content\/uploads\/2024\/01\/ccok-edited.jpg 1375w, https:\/\/ag-homedeco.com\/wp-content\/uploads\/2024\/01\/ccok-edited-800x600.jpg 800w, https:\/\/ag-homedeco.com\/wp-content\/uploads\/2024\/01\/ccok-edited-768x576.jpg 768w, https:\/\/ag-homedeco.com\/wp-content\/uploads\/2024\/01\/ccok-edited-1200x900.jpg 1200w, https:\/\/ag-homedeco.com\/wp-content\/uploads\/2024\/01\/ccok-edited-560x420.jpg 560w, https:\/\/ag-homedeco.com\/wp-content\/uploads\/2024\/01\/ccok-edited-120x90.jpg 120w\" sizes=\"(max-width: 1375px) 100vw, 1375px\" \/><\/figure>\n<\/figure>\n<\/div>\n\n\n\n<div class=\"wp-block-column is-layout-flow wp-block-column-is-layout-flow\">\n<p class=\"contentboxes-content-item contentboxes-subtitle subtitle-above use-body-font\">FAITES PLAISR A VOS PROCHESavec une carte cadeAU<\/p>\n\n\n\n<p><\/p>\n\n\n\n<p>Un proche souhaite changer des id\u00e9es ou conseils pour sa d\u00e9co ? N&rsquo;h\u00e9sitez pas \u00e0 lui offrir une carte cadeau avec la prestation de votre choix : planche d&rsquo;inspiration, vues 3D, conseil d\u00e9co&#8230;<\/p>\n\n\n\n<p>A quelle occasion offrir une carte cadeau ?<\/p>\n\n\n\n<p>\u2713Anniversaire<br>\u2713Mariage<br>\u2713Pendaison de cr\u00e9maill\u00e8re pour la d\u00e9co du nouveau lieu d&rsquo;habitation<br>\u2713Baby shower pour la future chambre du b\u00e9b\u00e9&#8230;<br><br><\/p>\n<\/div>\n<\/div>\n\n\n\n<div class=\"wp-block-buttons is-layout-flex wp-block-buttons-is-layout-flex\">\n<div class=\"wp-block-button aligncenter\"><a class=\"wp-block-button__link wp-element-button\" href=\"https:\/\/ag-homedeco.com\/index.php\/contactez-moi-decoration-interieur-jura\/\">CONTACTEZ-MOI<\/a><\/div>\n<\/div>\n","protected":false},"excerpt":{"rendered":"FAITES PLAISR A VOS PROCHESavec une carte cadeAU Un proche souhaite changer des id\u00e9es ou conseils pour sa d\u00e9co ? N'h\u00e9sitez pas \u00e0 ...","protected":false},"author":1,"featured_media":0,"parent":0,"menu_order":13,"comment_status":"closed","ping_status":"closed","template":"","meta":{"footnotes":""},"yoast_head":"<!-- This site is optimized with the Yoast SEO plugin v22.1 - https:\/\/yoast.com\/wordpress\/plugins\/seo\/ -->\n<title>Carte cadeau - AG Home Deco<\/title>\n<meta name=\"description\" content=\"Anniversaire, No\u00ebl, cr\u00e9maill\u00e8re : offrez une carte cadeau AG Home D\u00e9co \u00e0 vos proches. Un cadeau original pour des occasions sp\u00e9ciales\" \/>\n<meta name=\"robots\" content=\"index, follow, max-snippet:-1, max-image-preview:large, max-video-preview:-1\" \/>\n<link rel=\"canonical\" href=\"https:\/\/ag-homedeco.com\/index.php\/carte-cadeau\/\" \/>\n<meta property=\"og:locale\" content=\"fr_FR\" \/>\n<meta property=\"og:type\" content=\"article\" \/>\n<meta property=\"og:title\" content=\"Carte cadeau - AG Home Deco\" \/>\n<meta property=\"og:description\" content=\"Anniversaire, No\u00ebl, cr\u00e9maill\u00e8re : offrez une carte cadeau AG Home D\u00e9co \u00e0 vos proches. Un cadeau original pour des occasions sp\u00e9ciales\" \/>\n<meta property=\"og:url\" content=\"https:\/\/ag-homedeco.com\/index.php\/carte-cadeau\/\" \/>\n<meta property=\"og:site_name\" content=\"AG Home Deco\" \/>\n<meta property=\"article:publisher\" content=\"https:\/\/www.facebook.com\/AGHomeDeco39\/\" \/>\n<meta property=\"article:modified_time\" content=\"2024-03-11T15:10:43+00:00\" \/>\n<meta property=\"og:image\" content=\"https:\/\/ag-homedeco.com\/wp-content\/uploads\/2024\/01\/ccok-edited.jpg\" \/>\n<meta name=\"twitter:card\" content=\"summary_large_image\" \/>\n<meta name=\"twitter:label1\" content=\"Dur\u00e9e de lecture estim\u00e9e\" \/>\n\t<meta name=\"twitter:data1\" content=\"1 minute\" \/>\n<script type=\"application\/ld+json\" class=\"yoast-schema-graph\">{\"@context\":\"https:\/\/schema.org\",\"@graph\":[{\"@type\":\"WebPage\",\"@id\":\"https:\/\/ag-homedeco.com\/index.php\/carte-cadeau\/\",\"url\":\"https:\/\/ag-homedeco.com\/index.php\/carte-cadeau\/\",\"name\":\"Carte cadeau - AG Home Deco\",\"isPartOf\":{\"@id\":\"https:\/\/ag-homedeco.com\/#website\"},\"datePublished\":\"2021-04-21T08:56:37+00:00\",\"dateModified\":\"2024-03-11T15:10:43+00:00\",\"description\":\"Anniversaire, No\u00ebl, cr\u00e9maill\u00e8re : offrez une carte cadeau AG Home D\u00e9co \u00e0 vos proches. Un cadeau original pour des occasions sp\u00e9ciales\",\"breadcrumb\":{\"@id\":\"https:\/\/ag-homedeco.com\/index.php\/carte-cadeau\/#breadcrumb\"},\"inLanguage\":\"fr-FR\",\"potentialAction\":[{\"@type\":\"ReadAction\",\"target\":[\"https:\/\/ag-homedeco.com\/index.php\/carte-cadeau\/\"]}]},{\"@type\":\"BreadcrumbList\",\"@id\":\"https:\/\/ag-homedeco.com\/index.php\/carte-cadeau\/#breadcrumb\",\"itemListElement\":[{\"@type\":\"ListItem\",\"position\":1,\"name\":\"Accueil\",\"item\":\"https:\/\/ag-homedeco.com\/\"},{\"@type\":\"ListItem\",\"position\":2,\"name\":\"Carte cadeau\"}]},{\"@type\":\"WebSite\",\"@id\":\"https:\/\/ag-homedeco.com\/#website\",\"url\":\"https:\/\/ag-homedeco.com\/\",\"name\":\"AG Home Deco\",\"description\":\"D\u00e9coration dint\u00e9rieur\",\"publisher\":{\"@id\":\"https:\/\/ag-homedeco.com\/#organization\"},\"potentialAction\":[{\"@type\":\"SearchAction\",\"target\":{\"@type\":\"EntryPoint\",\"urlTemplate\":\"https:\/\/ag-homedeco.com\/?s={search_term_string}\"},\"query-input\":\"required name=search_term_string\"}],\"inLanguage\":\"fr-FR\"},{\"@type\":\"Organization\",\"@id\":\"https:\/\/ag-homedeco.com\/#organization\",\"name\":\"AG Home Deco\",\"url\":\"https:\/\/ag-homedeco.com\/\",\"logo\":{\"@type\":\"ImageObject\",\"inLanguage\":\"fr-FR\",\"@id\":\"https:\/\/ag-homedeco.com\/#\/schema\/logo\/image\/\",\"url\":\"https:\/\/ag-homedeco.com\/wp-content\/uploads\/2021\/04\/Fichier-1-1.png\",\"contentUrl\":\"https:\/\/ag-homedeco.com\/wp-content\/uploads\/2021\/04\/Fichier-1-1.png\",\"width\":500,\"height\":239,\"caption\":\"AG Home Deco\"},\"image\":{\"@id\":\"https:\/\/ag-homedeco.com\/#\/schema\/logo\/image\/\"},\"sameAs\":[\"https:\/\/www.facebook.com\/AGHomeDeco39\/\",\"https:\/\/www.instagram.com\/ag_homedeco\/\"]}]}<\/script>\n<!-- \/ Yoast SEO plugin. -->","yoast_head_json":{"title":"Carte cadeau - AG Home Deco","description":"Anniversaire, No\u00ebl, cr\u00e9maill\u00e8re : offrez une carte cadeau AG Home D\u00e9co \u00e0 vos proches. Un cadeau original pour des occasions sp\u00e9ciales","robots":{"index":"index","follow":"follow","max-snippet":"max-snippet:-1","max-image-preview":"max-image-preview:large","max-video-preview":"max-video-preview:-1"},"canonical":"https:\/\/ag-homedeco.com\/index.php\/carte-cadeau\/","og_locale":"fr_FR","og_type":"article","og_title":"Carte cadeau - AG Home Deco","og_description":"Anniversaire, No\u00ebl, cr\u00e9maill\u00e8re : offrez une carte cadeau AG Home D\u00e9co \u00e0 vos proches. Un cadeau original pour des occasions sp\u00e9ciales","og_url":"https:\/\/ag-homedeco.com\/index.php\/carte-cadeau\/","og_site_name":"AG Home Deco","article_publisher":"https:\/\/www.facebook.com\/AGHomeDeco39\/","article_modified_time":"2024-03-11T15:10:43+00:00","og_image":[{"url":"https:\/\/ag-homedeco.com\/wp-content\/uploads\/2024\/01\/ccok-edited.jpg"}],"twitter_card":"summary_large_image","twitter_misc":{"Dur\u00e9e de lecture estim\u00e9e":"1 minute"},"schema":{"@context":"https:\/\/schema.org","@graph":[{"@type":"WebPage","@id":"https:\/\/ag-homedeco.com\/index.php\/carte-cadeau\/","url":"https:\/\/ag-homedeco.com\/index.php\/carte-cadeau\/","name":"Carte cadeau - AG Home Deco","isPartOf":{"@id":"https:\/\/ag-homedeco.com\/#website"},"datePublished":"2021-04-21T08:56:37+00:00","dateModified":"2024-03-11T15:10:43+00:00","description":"Anniversaire, No\u00ebl, cr\u00e9maill\u00e8re : offrez une carte cadeau AG Home D\u00e9co \u00e0 vos proches. Un cadeau original pour des occasions sp\u00e9ciales","breadcrumb":{"@id":"https:\/\/ag-homedeco.com\/index.php\/carte-cadeau\/#breadcrumb"},"inLanguage":"fr-FR","potentialAction":[{"@type":"ReadAction","target":["https:\/\/ag-homedeco.com\/index.php\/carte-cadeau\/"]}]},{"@type":"BreadcrumbList","@id":"https:\/\/ag-homedeco.com\/index.php\/carte-cadeau\/#breadcrumb","itemListElement":[{"@type":"ListItem","position":1,"name":"Accueil","item":"https:\/\/ag-homedeco.com\/"},{"@type":"ListItem","position":2,"name":"Carte cadeau"}]},{"@type":"WebSite","@id":"https:\/\/ag-homedeco.com\/#website","url":"https:\/\/ag-homedeco.com\/","name":"AG Home Deco","description":"D\u00e9coration dint\u00e9rieur","publisher":{"@id":"https:\/\/ag-homedeco.com\/#organization"},"potentialAction":[{"@type":"SearchAction","target":{"@type":"EntryPoint","urlTemplate":"https:\/\/ag-homedeco.com\/?s={search_term_string}"},"query-input":"required name=search_term_string"}],"inLanguage":"fr-FR"},{"@type":"Organization","@id":"https:\/\/ag-homedeco.com\/#organization","name":"AG Home Deco","url":"https:\/\/ag-homedeco.com\/","logo":{"@type":"ImageObject","inLanguage":"fr-FR","@id":"https:\/\/ag-homedeco.com\/#\/schema\/logo\/image\/","url":"https:\/\/ag-homedeco.com\/wp-content\/uploads\/2021\/04\/Fichier-1-1.png","contentUrl":"https:\/\/ag-homedeco.com\/wp-content\/uploads\/2021\/04\/Fichier-1-1.png","width":500,"height":239,"caption":"AG Home Deco"},"image":{"@id":"https:\/\/ag-homedeco.com\/#\/schema\/logo\/image\/"},"sameAs":["https:\/\/www.facebook.com\/AGHomeDeco39\/","https:\/\/www.instagram.com\/ag_homedeco\/"]}]}},"_links":{"self":[{"href":"https:\/\/ag-homedeco.com\/index.php\/wp-json\/wp\/v2\/pages\/4674"}],"collection":[{"href":"https:\/\/ag-homedeco.com\/index.php\/wp-json\/wp\/v2\/pages"}],"about":[{"href":"https:\/\/ag-homedeco.com\/index.php\/wp-json\/wp\/v2\/types\/page"}],"author":[{"embeddable":true,"href":"https:\/\/ag-homedeco.com\/index.php\/wp-json\/wp\/v2\/users\/1"}],"replies":[{"embeddable":true,"href":"https:\/\/ag-homedeco.com\/index.php\/wp-json\/wp\/v2\/comments?post=4674"}],"version-history":[{"count":16,"href":"https:\/\/ag-homedeco.com\/index.php\/wp-json\/wp\/v2\/pages\/4674\/revisions"}],"predecessor-version":[{"id":5917,"href":"https:\/\/ag-homedeco.com\/index.php\/wp-json\/wp\/v2\/pages\/4674\/revisions\/5917"}],"wp:attachment":[{"href":"https:\/\/ag-homedeco.com\/index.php\/wp-json\/wp\/v2\/media?parent=4674"}],"curies":[{"name":"wp","href":"https:\/\/api.w.org\/{rel}","templated":true}]}}